{"id":22,"date":"2023-12-17T11:36:07","date_gmt":"2023-12-17T10:36:07","guid":{"rendered":"https:\/\/aztech-modular.pl\/?page_id=22"},"modified":"2024-07-04T12:52:08","modified_gmt":"2024-07-04T10:52:08","slug":"polygon","status":"publish","type":"page","link":"https:\/\/aztech-modular.pl\/cs\/oferta\/polygon\/","title":{"rendered":"Polygon"},"content":{"rendered":"<p class=\" translation-block\"><strong>Sn\u00edte o vlastn\u00edm dom\u011b?<\/strong> Chcete si u\u017e\u00edt pohodl\u00ed a soukrom\u00ed v prostoru, kter\u00fd m\u016f\u017eete naz\u00fdvat sv\u00fdm vlastn\u00edm, ale pomy\u0161len\u00ed na dlouh\u00fd a n\u00e1kladn\u00fd proces stavby tradi\u010dn\u00edho cihlov\u00e9ho domu se v\u00e1m zd\u00e1 zdrcuj\u00edc\u00ed ? M\u00e1me pro v\u00e1s \u0159e\u0161en\u00ed!<\/p>","protected":false},"excerpt":{"rendered":"<p class=\" translation-block\"><strong>Sn\u00edte o vlastn\u00edm dom\u011b?<\/strong> Chcete si u\u017e\u00edt pohodl\u00ed a soukrom\u00ed v prostoru, kter\u00fd m\u016f\u017eete naz\u00fdvat sv\u00fdm vlastn\u00edm, ale pomy\u0161len\u00ed na dlouh\u00fd a n\u00e1kladn\u00fd proces stavby tradi\u010dn\u00edho cihlov\u00e9ho domu se v\u00e1m zd\u00e1 zdrcuj\u00edc\u00ed ? M\u00e1me pro v\u00e1s \u0159e\u0161en\u00ed!<\/p>","protected":false},"author":2,"featured_media":0,"parent":12,"menu_order":0,"comment_status":"closed","ping_status":"closed","template":"custom-templates\/offer-item.php","meta":{"_acf_changed":false,"inline_featured_image":false,"footnotes":""},"acf":[],"_links":{"self":[{"href":"https:\/\/aztech-modular.pl\/cs\/wp-json\/wp\/v2\/pages\/22"}],"collection":[{"href":"https:\/\/aztech-modular.pl\/cs\/wp-json\/wp\/v2\/pages"}],"about":[{"href":"https:\/\/aztech-modular.pl\/cs\/wp-json\/wp\/v2\/types\/page"}],"author":[{"embeddable":true,"href":"https:\/\/aztech-modular.pl\/cs\/wp-json\/wp\/v2\/users\/2"}],"replies":[{"embeddable":true,"href":"https:\/\/aztech-modular.pl\/cs\/wp-json\/wp\/v2\/comments?post=22"}],"version-history":[{"count":11,"href":"https:\/\/aztech-modular.pl\/cs\/wp-json\/wp\/v2\/pages\/22\/revisions"}],"predecessor-version":[{"id":983,"href":"https:\/\/aztech-modular.pl\/cs\/wp-json\/wp\/v2\/pages\/22\/revisions\/983"}],"up":[{"embeddable":true,"href":"https:\/\/aztech-modular.pl\/cs\/wp-json\/wp\/v2\/pages\/12"}],"wp:attachment":[{"href":"https:\/\/aztech-modular.pl\/cs\/wp-json\/wp\/v2\/media?parent=22"}],"curies":[{"name":"wp","href":"https:\/\/api.w.org\/{rel}","templated":true}]}}