{"id":3,"date":"2023-12-17T11:14:23","date_gmt":"2023-12-17T10:14:23","guid":{"rendered":"https:\/\/aztech-modular.pl\/?page_id=3"},"modified":"2024-07-03T10:25:01","modified_gmt":"2024-07-03T08:25:01","slug":"polityka-prywatnosci","status":"publish","type":"page","link":"https:\/\/aztech-modular.pl\/cs\/polityka-prywatnosci\/","title":{"rendered":"Z\u00e1sady ochrany osobn\u00edch \u00fadaj\u016f"},"content":{"rendered":"<p>Tyto Z\u00e1sady ochrany osobn\u00edch \u00fadaj\u016f stanov\u00ed pravidla pro zpracov\u00e1n\u00ed a ochranu osobn\u00edch \u00fadaj\u016f u\u017eivatel\u016f vyu\u017e\u00edvaj\u00edc\u00edch slu\u017eeb spole\u010dnosti Aztech Domy Modu\u0142owe se s\u00eddlem v K\u0119dzierzyn-Ko\u017ale, ul. Powsta\u0144c\u00f3w 70, 47-220 (d\u00e1le jen \u201espole\u010dnost\u201c). Sna\u017e\u00edme se, aby va\u0161e osobn\u00ed \u00fadaje byly zpracov\u00e1v\u00e1ny v souladu s platn\u00fdmi pr\u00e1vn\u00edmi p\u0159edpisy, zejm\u00e9na s na\u0159\u00edzen\u00edm Evropsk\u00e9ho parlamentu a Rady (EU) 2016\/679 ze dne 27. dubna 2016 (GDPR).<\/p>\n\n\n\n<h2 class=\"wp-block-heading\">Spr\u00e1vce \u00fadaj\u016f<\/h2>\n\n\n\n<p>Spr\u00e1vcem Va\u0161ich osobn\u00edch \u00fadaj\u016f je Aztech Domy Modu\u0142owe se s\u00eddlem K\u0119dzierzyn-Ko\u017ale, ul. Powsta\u0144c\u00f3w 70, 47-220 (d\u00e1le jen \u201eSpr\u00e1vce\u201c).<\/p>\n\n\n\n<h2 class=\"wp-block-heading\">Rozsah zpracov\u00e1van\u00fdch \u00fadaj\u016f<\/h2>\n\n\n\n<p>Zpracov\u00e1v\u00e1me n\u00e1sleduj\u00edc\u00ed osobn\u00ed \u00fadaje:<\/p>\n\n\n\n<ul>\n<li>Jm\u00e9no a p\u0159\u00edjmen\u00ed<\/li>\n\n\n\n<li>Emailov\u00e1 adresa<\/li>\n\n\n\n<li>Telefonn\u00ed \u010d\u00edslo<\/li>\n\n\n\n<li>Adresa<\/li>\n\n\n\n<li>\u00dadaje o pou\u017e\u00edv\u00e1n\u00ed na\u0161ich slu\u017eeb<\/li>\n<\/ul>\n\n\n\n<h2 class=\"wp-block-heading\">\u00da\u010dely zpracov\u00e1n\u00ed dat<\/h2>\n\n\n\n<p>Va\u0161e osobn\u00ed \u00fadaje jsou zpracov\u00e1v\u00e1ny pro n\u00e1sleduj\u00edc\u00ed \u00fa\u010dely:<\/p>\n\n\n\n<ol>\n<li>Poskytov\u00e1n\u00ed slu\u017eeb nab\u00edzen\u00fdch Spole\u010dnost\u00ed.<\/li>\n\n\n\n<li>Pln\u011bn\u00ed zak\u00e1zek na modulov\u00e9 domy.<\/li>\n\n\n\n<li>Kontakt s u\u017eivateli ve v\u011bcech souvisej\u00edc\u00edch s fungov\u00e1n\u00edm Spole\u010dnosti.<\/li>\n\n\n\n<li>Marketing bezpo\u015bredni w\u0142asnych produkt\u00f3w i us\u0142ug Administratora.<\/li>\n<\/ol>\n\n\n\n<h2 class=\"wp-block-heading\">Z\u00e1klad zpracov\u00e1n\u00ed dat<\/h2>\n\n\n\n<p>Zpracov\u00e1n\u00ed osobn\u00edch \u00fadaj\u016f je zalo\u017eeno na:<\/p>\n\n\n\n<ul>\n<li>v\u00e1\u0161 souhlas (\u010dl. 6 odst. 1 p\u00edsm. a) GDPR);<\/li>\n\n\n\n<li>Nezbytnost pln\u011bn\u00ed smlouvy (\u010dl. 6 odst. 1 p\u00edsm. b) GDPR);<\/li>\n\n\n\n<li>Opr\u00e1vn\u011bn\u00fd z\u00e1jem Spr\u00e1vce (\u010dl. 6 odst. 1 p\u00edsm. f) GDPR).<\/li>\n<\/ul>\n\n\n\n<h2 class=\"wp-block-heading\">P\u0159\u00edjemci dat<\/h2>\n\n\n\n<p>Va\u0161e osobn\u00ed \u00fadaje mohou b\u00fdt p\u0159eneseny:<\/p>\n\n\n\n<ul>\n<li>Subjekty spolupracuj\u00edc\u00ed se Spr\u00e1vcem p\u0159i realizaci objedn\u00e1vek.<\/li>\n\n\n\n<li>Poskytovatel hostingu a IT slu\u017eeb.<\/li>\n\n\n\n<li>Subjekty opr\u00e1vn\u011bn\u00e9 je p\u0159ij\u00edmat podle platn\u00fdch z\u00e1kon\u016f.<\/li>\n<\/ul>\n\n\n\n<h2 class=\"wp-block-heading\">P\u0159enos dat do t\u0159et\u00edch zem\u00ed<\/h2>\n\n\n\n<p>Va\u0161e osobn\u00ed \u00fadaje mohou b\u00fdt p\u0159ed\u00e1ny do t\u0159et\u00edch zem\u00ed (mimo Evropsk\u00fd hospod\u00e1\u0159sk\u00fd prostor) pouze v p\u0159\u00edpadech, kdy je to nezbytn\u00e9 pro dosa\u017een\u00ed \u00fa\u010del\u016f zpracov\u00e1n\u00ed \u00fadaj\u016f a p\u0159i vhodn\u00fdch ochrann\u00fdch opat\u0159en\u00edch.<\/p>\n\n\n\n<h2 class=\"wp-block-heading\">Doba ukl\u00e1d\u00e1n\u00ed dat<\/h2>\n\n\n\n<p>Va\u0161e osobn\u00ed \u00fadaje budou uchov\u00e1v\u00e1ny po dobu nezbytnou k dosa\u017een\u00ed \u00fa\u010del\u016f, pro kter\u00e9 byly shrom\u00e1\u017ed\u011bny, pokud n\u00e1m z\u00e1kon neukl\u00e1d\u00e1 povinnost je uchov\u00e1vat d\u00e9le.<\/p>\n\n\n\n<h2 class=\"wp-block-heading\">Va\u0161e pr\u00e1va<\/h2>\n\n\n\n<p>M\u00e1te pr\u00e1vo:<\/p>\n\n\n\n<ul>\n<li>P\u0159\u00edstup k va\u0161im osobn\u00edm \u00fadaj\u016fm.<\/li>\n\n\n\n<li>Oprava va\u0161ich osobn\u00edch \u00fadaj\u016f.<\/li>\n\n\n\n<li>Smaz\u00e1n\u00ed va\u0161ich osobn\u00edch \u00fadaj\u016f.<\/li>\n\n\n\n<li>Omezen\u00ed zpracov\u00e1n\u00ed va\u0161ich osobn\u00edch \u00fadaj\u016f.<\/li>\n\n\n\n<li>P\u0159enos va\u0161ich osobn\u00edch \u00fadaj\u016f.<\/li>\n\n\n\n<li>Vzn\u00e9st n\u00e1mitku proti zpracov\u00e1n\u00ed va\u0161ich osobn\u00edch \u00fadaj\u016f.<\/li>\n\n\n\n<li>Kdykoli odvolat souhlas se zpracov\u00e1n\u00edm osobn\u00edch \u00fadaj\u016f, ani\u017e by t\u00edm byla dot\u010dena z\u00e1konnost zpracov\u00e1n\u00ed zalo\u017een\u00e1 na souhlasu p\u0159ed jeho odvol\u00e1n\u00edm<\/li>\n<\/ul>\n\n\n\n<h2 class=\"wp-block-heading\">Soubory cookie<\/h2>\n\n\n\n<p>N\u00e1\u0161 web pou\u017e\u00edv\u00e1 soubory cookie k zaji\u0161t\u011bn\u00ed spr\u00e1vn\u00e9ho provozu, anal\u00fdze n\u00e1v\u0161t\u011bvnosti webu a p\u0159izp\u016fsoben\u00ed obsahu preferenc\u00edm u\u017eivatel\u016f. U\u017eivatel m\u016f\u017ee spravovat nastaven\u00ed cookies prost\u0159ednictv\u00edm webov\u00e9ho prohl\u00ed\u017ee\u010de.<\/p>\n\n\n\n<h2 class=\"wp-block-heading\">Zm\u011bny z\u00e1sad ochrany osobn\u00edch \u00fadaj\u016f<\/h2>\n\n\n\n<p>Spr\u00e1vce si vyhrazuje pr\u00e1vo na zm\u011bny Z\u00e1sad ochrany osobn\u00edch \u00fadaj\u016f. U\u017eivatel\u00e9 budou o jak\u00fdchkoli zm\u011bn\u00e1ch informov\u00e1ni zve\u0159ejn\u011bn\u00edm aktualizovan\u00e9 verze Z\u00e1sad ochrany osobn\u00edch \u00fadaj\u016f na webov\u00fdch str\u00e1nk\u00e1ch Spole\u010dnosti.<\/p>\n\n\n\n<h2 class=\"wp-block-heading\">Kontakt<\/h2>\n\n\n\n<p>M\u00e1te-li jak\u00e9koli dotazy t\u00fdkaj\u00edc\u00ed se Z\u00e1sad ochrany osobn\u00edch \u00fadaj\u016f, kontaktujte n\u00e1s na n\u00e1sleduj\u00edc\u00ed e-mailov\u00e9 adrese: <a>sprzedaz@aztech-modular.pl<\/a>.<\/p>\n\n\n\n<hr class=\"wp-block-separator has-alpha-channel-opacity\"\/>\n\n\n\n<p>Tyto z\u00e1sady ochrany osobn\u00edch \u00fadaj\u016f jsou \u00fa\u010dinn\u00e9 od 3. \u010dervence 2024.<\/p>\n\n\n\n<p><\/p>","protected":false},"excerpt":{"rendered":"<p>Niniejsza Polityka Prywatno\u015bci okre\u015bla zasady przetwarzania i ochrony danych osobowych u\u017cytkownik\u00f3w korzystaj\u0105cych z us\u0142ug firmy Aztech Domy Modu\u0142owe, z siedzib\u0105 w K\u0119dzierzynie-Ko\u017alu, ul. Powsta\u0144c\u00f3w 70, 47-220 (dalej jako \u201eFirma\u201d). Dok\u0142adamy wszelkich stara\u0144, aby zapewni\u0107, \u017ce Twoje dane osobowe s\u0105 przetwarzane zgodnie z obowi\u0105zuj\u0105cymi przepisami prawa, w szczeg\u00f3lno\u015bci z Rozporz\u0105dzeniem Parlamentu Europejskiego i Rady (UE) 2016\/679 [&hellip;]<\/p>","protected":false},"author":2,"featured_media":0,"parent":0,"menu_order":0,"comment_status":"closed","ping_status":"open","template":"","meta":{"_acf_changed":false,"inline_featured_image":false,"footnotes":""},"acf":[],"_links":{"self":[{"href":"https:\/\/aztech-modular.pl\/cs\/wp-json\/wp\/v2\/pages\/3"}],"collection":[{"href":"https:\/\/aztech-modular.pl\/cs\/wp-json\/wp\/v2\/pages"}],"about":[{"href":"https:\/\/aztech-modular.pl\/cs\/wp-json\/wp\/v2\/types\/page"}],"author":[{"embeddable":true,"href":"https:\/\/aztech-modular.pl\/cs\/wp-json\/wp\/v2\/users\/2"}],"replies":[{"embeddable":true,"href":"https:\/\/aztech-modular.pl\/cs\/wp-json\/wp\/v2\/comments?post=3"}],"version-history":[{"count":2,"href":"https:\/\/aztech-modular.pl\/cs\/wp-json\/wp\/v2\/pages\/3\/revisions"}],"predecessor-version":[{"id":953,"href":"https:\/\/aztech-modular.pl\/cs\/wp-json\/wp\/v2\/pages\/3\/revisions\/953"}],"wp:attachment":[{"href":"https:\/\/aztech-modular.pl\/cs\/wp-json\/wp\/v2\/media?parent=3"}],"curies":[{"name":"wp","href":"https:\/\/api.w.org\/{rel}","templated":true}]}}