{"id":38,"date":"2023-12-17T11:37:33","date_gmt":"2023-12-17T10:37:33","guid":{"rendered":"https:\/\/aztech-modular.pl\/?page_id=38"},"modified":"2023-12-18T01:55:45","modified_gmt":"2023-12-18T00:55:45","slug":"biuro-projektowe","status":"publish","type":"page","link":"https:\/\/aztech-modular.pl\/cs\/biuro-projektowe\/","title":{"rendered":"Projek\u010dn\u00ed kancel\u00e1\u0159"},"content":{"rendered":"<h3 class=\"wp-block-heading\">Czym si\u0119 zajmujemy?<\/h3>\n\n\n\n<p>Wykonujemy projekty obiekt\u00f3w takich jak:<\/p>\n\n\n\n<div class=\"wp-block-columns is-layout-flex wp-container-core-columns-is-layout-1 wp-block-columns-is-layout-flex\">\n<div class=\"wp-block-column is-layout-flow wp-block-column-is-layout-flow\">\n<ul>\n<li>Kancel\u00e1\u0159sk\u00e9 vybaven\u00ed<\/li>\n\n\n\n<li>Pr\u016fmyslov\u00e1 za\u0159\u00edzen\u00ed<\/li>\n\n\n\n<li>Obchodn\u00ed za\u0159\u00edzen\u00ed<\/li>\n\n\n\n<li>Ve\u0159ejn\u00e9 budovy<\/li>\n<\/ul>\n<\/div>\n\n\n\n<div class=\"wp-block-column is-layout-flow wp-block-column-is-layout-flow\">\n<ul>\n<li>Ocelov\u00e9 haly<\/li>\n\n\n\n<li>Skladov\u00e9 haly<\/li>\n\n\n\n<li>Kancel\u00e1\u0159sk\u00e9 kontejnery<\/li>\n\n\n\n<li>Obytn\u00e9 kontejnery<\/li>\n<\/ul>\n<\/div>\n\n\n\n<div class=\"wp-block-column is-layout-flow wp-block-column-is-layout-flow\">\n<ul>\n<li>Domy<\/li>\n\n\n\n<li>Byty<\/li>\n\n\n\n<li>Restaurace<\/li>\n\n\n\n<li>Obchody<\/li>\n<\/ul>\n<\/div>\n<\/div>","protected":false},"excerpt":{"rendered":"<p>Czym si\u0119 zajmujemy? Wykonujemy projekty obiekt\u00f3w takich jak:<\/p>","protected":false},"author":2,"featured_media":0,"parent":0,"menu_order":0,"comment_status":"closed","ping_status":"closed","template":"custom-templates\/project-office.php","meta":{"_acf_changed":false,"inline_featured_image":false,"footnotes":""},"acf":[],"_links":{"self":[{"href":"https:\/\/aztech-modular.pl\/cs\/wp-json\/wp\/v2\/pages\/38"}],"collection":[{"href":"https:\/\/aztech-modular.pl\/cs\/wp-json\/wp\/v2\/pages"}],"about":[{"href":"https:\/\/aztech-modular.pl\/cs\/wp-json\/wp\/v2\/types\/page"}],"author":[{"embeddable":true,"href":"https:\/\/aztech-modular.pl\/cs\/wp-json\/wp\/v2\/users\/2"}],"replies":[{"embeddable":true,"href":"https:\/\/aztech-modular.pl\/cs\/wp-json\/wp\/v2\/comments?post=38"}],"version-history":[{"count":15,"href":"https:\/\/aztech-modular.pl\/cs\/wp-json\/wp\/v2\/pages\/38\/revisions"}],"predecessor-version":[{"id":362,"href":"https:\/\/aztech-modular.pl\/cs\/wp-json\/wp\/v2\/pages\/38\/revisions\/362"}],"wp:attachment":[{"href":"https:\/\/aztech-modular.pl\/cs\/wp-json\/wp\/v2\/media?parent=38"}],"curies":[{"name":"wp","href":"https:\/\/api.w.org\/{rel}","templated":true}]}}