{"id":750,"date":"2024-04-25T08:35:08","date_gmt":"2024-04-25T06:35:08","guid":{"rendered":"https:\/\/aztech-modular.pl\/?page_id=750"},"modified":"2024-07-05T13:27:49","modified_gmt":"2024-07-05T11:27:49","slug":"sauna","status":"publish","type":"page","link":"https:\/\/aztech-modular.pl\/cs\/oferta\/sauna\/","title":{"rendered":"Sauna"},"content":{"rendered":"<p><strong>Hled\u00e1te zp\u016fsob, jak relaxovat a odpo\u010d\u00edvat po cel\u00fd rok? Objevte kouzlo celoro\u010dn\u00edho saunov\u00e1n\u00ed! Na\u0161e celoro\u010dn\u00ed sauna je perfektn\u00edm \u0159e\u0161en\u00edm pro wellness nad\u0161ence, kte\u0159\u00ed si cht\u011bj\u00ed u\u017e\u00edvat v\u00fdhod saunov\u00e1n\u00ed bez ohledu na po\u010das\u00ed.<\/strong><\/p>","protected":false},"excerpt":{"rendered":"<p>Hled\u00e1te zp\u016fsob, jak relaxovat a odpo\u010d\u00edvat po cel\u00fd rok? Objevte kouzlo celoro\u010dn\u00edho saunov\u00e1n\u00ed! Na\u0161e celoro\u010dn\u00ed sauna je perfektn\u00edm \u0159e\u0161en\u00edm pro wellness nad\u0161ence, kte\u0159\u00ed si cht\u011bj\u00ed u\u017e\u00edvat v\u00fdhod saunov\u00e1n\u00ed bez ohledu na po\u010das\u00ed.<\/p>","protected":false},"author":2,"featured_media":0,"parent":12,"menu_order":933,"comment_status":"closed","ping_status":"closed","template":"custom-templates\/offer-item.php","meta":{"_acf_changed":false,"inline_featured_image":false,"footnotes":""},"acf":[],"_links":{"self":[{"href":"https:\/\/aztech-modular.pl\/cs\/wp-json\/wp\/v2\/pages\/750"}],"collection":[{"href":"https:\/\/aztech-modular.pl\/cs\/wp-json\/wp\/v2\/pages"}],"about":[{"href":"https:\/\/aztech-modular.pl\/cs\/wp-json\/wp\/v2\/types\/page"}],"author":[{"embeddable":true,"href":"https:\/\/aztech-modular.pl\/cs\/wp-json\/wp\/v2\/users\/2"}],"replies":[{"embeddable":true,"href":"https:\/\/aztech-modular.pl\/cs\/wp-json\/wp\/v2\/comments?post=750"}],"version-history":[{"count":13,"href":"https:\/\/aztech-modular.pl\/cs\/wp-json\/wp\/v2\/pages\/750\/revisions"}],"predecessor-version":[{"id":1019,"href":"https:\/\/aztech-modular.pl\/cs\/wp-json\/wp\/v2\/pages\/750\/revisions\/1019"}],"up":[{"embeddable":true,"href":"https:\/\/aztech-modular.pl\/cs\/wp-json\/wp\/v2\/pages\/12"}],"wp:attachment":[{"href":"https:\/\/aztech-modular.pl\/cs\/wp-json\/wp\/v2\/media?parent=750"}],"curies":[{"name":"wp","href":"https:\/\/api.w.org\/{rel}","templated":true}]}}