{"id":794,"date":"2024-04-25T09:41:45","date_gmt":"2024-04-25T07:41:45","guid":{"rendered":"https:\/\/aztech-modular.pl\/?page_id=794"},"modified":"2024-07-04T13:00:05","modified_gmt":"2024-07-04T11:00:05","slug":"luxury","status":"publish","type":"page","link":"https:\/\/aztech-modular.pl\/cs\/oferta\/luxury\/","title":{"rendered":"Luxury"},"content":{"rendered":"<p>Sn\u00edte o jedine\u010dn\u00e9m m\u00edst\u011b, kde se luxus snoub\u00ed s p\u0159\u00edrodou? Objevte n\u00e1\u0161 exkluzivn\u00ed d\u016fm na \u0159ece, ide\u00e1ln\u00ed pro ty, kte\u0159\u00ed cht\u011bj\u00ed spojit pohodl\u00ed \u017eivota obklopen\u00e9ho p\u0159\u00edrodou.<\/p>","protected":false},"excerpt":{"rendered":"<p>Sn\u00edte o jedine\u010dn\u00e9m m\u00edst\u011b, kde se luxus snoub\u00ed s p\u0159\u00edrodou? Objevte n\u00e1\u0161 exkluzivn\u00ed d\u016fm na \u0159ece, ide\u00e1ln\u00ed pro ty, kte\u0159\u00ed cht\u011bj\u00ed spojit pohodl\u00ed \u017eivota obklopen\u00e9ho p\u0159\u00edrodou.<\/p>","protected":false},"author":2,"featured_media":0,"parent":12,"menu_order":0,"comment_status":"closed","ping_status":"closed","template":"custom-templates\/offer-item-2.php","meta":{"_acf_changed":false,"inline_featured_image":false,"footnotes":""},"acf":[],"_links":{"self":[{"href":"https:\/\/aztech-modular.pl\/cs\/wp-json\/wp\/v2\/pages\/794"}],"collection":[{"href":"https:\/\/aztech-modular.pl\/cs\/wp-json\/wp\/v2\/pages"}],"about":[{"href":"https:\/\/aztech-modular.pl\/cs\/wp-json\/wp\/v2\/types\/page"}],"author":[{"embeddable":true,"href":"https:\/\/aztech-modular.pl\/cs\/wp-json\/wp\/v2\/users\/2"}],"replies":[{"embeddable":true,"href":"https:\/\/aztech-modular.pl\/cs\/wp-json\/wp\/v2\/comments?post=794"}],"version-history":[{"count":14,"href":"https:\/\/aztech-modular.pl\/cs\/wp-json\/wp\/v2\/pages\/794\/revisions"}],"predecessor-version":[{"id":989,"href":"https:\/\/aztech-modular.pl\/cs\/wp-json\/wp\/v2\/pages\/794\/revisions\/989"}],"up":[{"embeddable":true,"href":"https:\/\/aztech-modular.pl\/cs\/wp-json\/wp\/v2\/pages\/12"}],"wp:attachment":[{"href":"https:\/\/aztech-modular.pl\/cs\/wp-json\/wp\/v2\/media?parent=794"}],"curies":[{"name":"wp","href":"https:\/\/api.w.org\/{rel}","templated":true}]}}