{"id":750,"date":"2024-04-25T08:35:08","date_gmt":"2024-04-25T06:35:08","guid":{"rendered":"https:\/\/aztech-modular.pl\/?page_id=750"},"modified":"2024-07-05T13:27:49","modified_gmt":"2024-07-05T11:27:49","slug":"sauna","status":"publish","type":"page","link":"https:\/\/aztech-modular.pl\/de\/oferta\/sauna\/","title":{"rendered":"Sauna"},"content":{"rendered":"<p><strong>Suchen Sie nach einer M\u00f6glichkeit, das ganze Jahr \u00fcber zu entspannen und abzuschalten? Entdecken Sie den Zauber einer Ganzjahressauna! Unsere Ganzjahressauna ist eine perfekte L\u00f6sung f\u00fcr Wellnessbegeisterte, die die Vorz\u00fcge der Sauna unabh\u00e4ngig vom Wetter genie\u00dfen m\u00f6chten.<\/strong><\/p>","protected":false},"excerpt":{"rendered":"<p>Suchen Sie nach einer M\u00f6glichkeit, das ganze Jahr \u00fcber zu entspannen und abzuschalten? Entdecken Sie den Zauber einer Ganzjahressauna! Unsere Ganzjahressauna ist eine perfekte L\u00f6sung f\u00fcr Wellnessbegeisterte, die die Vorz\u00fcge der Sauna unabh\u00e4ngig vom Wetter genie\u00dfen m\u00f6chten.<\/p>","protected":false},"author":2,"featured_media":0,"parent":12,"menu_order":933,"comment_status":"closed","ping_status":"closed","template":"custom-templates\/offer-item.php","meta":{"_acf_changed":false,"inline_featured_image":false,"footnotes":""},"acf":[],"_links":{"self":[{"href":"https:\/\/aztech-modular.pl\/de\/wp-json\/wp\/v2\/pages\/750"}],"collection":[{"href":"https:\/\/aztech-modular.pl\/de\/wp-json\/wp\/v2\/pages"}],"about":[{"href":"https:\/\/aztech-modular.pl\/de\/wp-json\/wp\/v2\/types\/page"}],"author":[{"embeddable":true,"href":"https:\/\/aztech-modular.pl\/de\/wp-json\/wp\/v2\/users\/2"}],"replies":[{"embeddable":true,"href":"https:\/\/aztech-modular.pl\/de\/wp-json\/wp\/v2\/comments?post=750"}],"version-history":[{"count":13,"href":"https:\/\/aztech-modular.pl\/de\/wp-json\/wp\/v2\/pages\/750\/revisions"}],"predecessor-version":[{"id":1019,"href":"https:\/\/aztech-modular.pl\/de\/wp-json\/wp\/v2\/pages\/750\/revisions\/1019"}],"up":[{"embeddable":true,"href":"https:\/\/aztech-modular.pl\/de\/wp-json\/wp\/v2\/pages\/12"}],"wp:attachment":[{"href":"https:\/\/aztech-modular.pl\/de\/wp-json\/wp\/v2\/media?parent=750"}],"curies":[{"name":"wp","href":"https:\/\/api.w.org\/{rel}","templated":true}]}}