{"id":14,"date":"2023-12-17T11:35:17","date_gmt":"2023-12-17T10:35:17","guid":{"rendered":"https:\/\/aztech-modular.pl\/?page_id=14"},"modified":"2024-07-05T13:24:15","modified_gmt":"2024-07-05T11:24:15","slug":"viking","status":"publish","type":"page","link":"https:\/\/aztech-modular.pl\/de_at\/oferta\/viking\/","title":{"rendered":"Viking"},"content":{"rendered":"<p class=\" translation-block\"><strong>Tr\u00e4umen Sie von einem eigenen Zuhause?<\/strong> M\u00f6chten Sie Komfort und Privatsph\u00e4re in einem Raum genie\u00dfen, den Sie Ihr Eigen nennen k\u00f6nnen, aber der Gedanke an den langen und teuren Prozess des Baus eines traditionellen Backsteinhauses scheint \u00fcberw\u00e4ltigend zu sein ? Wir haben eine L\u00f6sung f\u00fcr Sie!<\/p>\n\n\n\n<p><strong>Lernen Sie \u201eViking\u201c kennen \u2013 Ihr neues Ganzjahres-Zuhause<\/strong>, das moderne L\u00f6sungen mit schneller Umsetzung verbindet. Dies ist ein ideales Angebot f\u00fcr diejenigen, die sowohl Wert auf Qualit\u00e4t als auch auf Kosteneffizienz legen.<\/p>","protected":false},"excerpt":{"rendered":"<p>Marzysz o w\u0142asnym domu? Pragniesz cieszy\u0107 si\u0119 komfortem i prywatno\u015bci\u0105 w przestrzeni, kt\u00f3r\u0105 mo\u017cesz nazwa\u0107 swoj\u0105, ale my\u015bl o d\u0142ugim i kosztownym procesie budowy tradycyjnego domu murowanego wydaje si\u0119 przyt\u0142aczaj\u0105ca? Mamy dla Ciebie rozwi\u0105zanie! Poznaj &#8222;Viking&#8221; &#8211; Tw\u00f3j nowy dom ca\u0142oroczny, kt\u00f3ry \u0142\u0105czy w sobie nowoczesne rozwi\u0105zania z szybko\u015bci\u0105 realizacji. To idealna propozycja dla tych, [&hellip;]<\/p>","protected":false},"author":2,"featured_media":0,"parent":12,"menu_order":0,"comment_status":"closed","ping_status":"closed","template":"custom-templates\/offer-item.php","meta":{"_acf_changed":false,"inline_featured_image":false,"footnotes":""},"acf":[],"_links":{"self":[{"href":"https:\/\/aztech-modular.pl\/de_at\/wp-json\/wp\/v2\/pages\/14"}],"collection":[{"href":"https:\/\/aztech-modular.pl\/de_at\/wp-json\/wp\/v2\/pages"}],"about":[{"href":"https:\/\/aztech-modular.pl\/de_at\/wp-json\/wp\/v2\/types\/page"}],"author":[{"embeddable":true,"href":"https:\/\/aztech-modular.pl\/de_at\/wp-json\/wp\/v2\/users\/2"}],"replies":[{"embeddable":true,"href":"https:\/\/aztech-modular.pl\/de_at\/wp-json\/wp\/v2\/comments?post=14"}],"version-history":[{"count":40,"href":"https:\/\/aztech-modular.pl\/de_at\/wp-json\/wp\/v2\/pages\/14\/revisions"}],"predecessor-version":[{"id":1010,"href":"https:\/\/aztech-modular.pl\/de_at\/wp-json\/wp\/v2\/pages\/14\/revisions\/1010"}],"up":[{"embeddable":true,"href":"https:\/\/aztech-modular.pl\/de_at\/wp-json\/wp\/v2\/pages\/12"}],"wp:attachment":[{"href":"https:\/\/aztech-modular.pl\/de_at\/wp-json\/wp\/v2\/media?parent=14"}],"curies":[{"name":"wp","href":"https:\/\/api.w.org\/{rel}","templated":true}]}}