{"id":14,"date":"2023-12-17T11:35:17","date_gmt":"2023-12-17T10:35:17","guid":{"rendered":"https:\/\/aztech-modular.pl\/?page_id=14"},"modified":"2024-07-05T13:24:15","modified_gmt":"2024-07-05T11:24:15","slug":"viking","status":"publish","type":"page","link":"https:\/\/aztech-modular.pl\/en\/oferta\/viking\/","title":{"rendered":"Viking"},"content":{"rendered":"<p class=\" translation-block\">Do you want to enjoy comfort and privacy in a space you can call your own, but the thought of the long and expensive process of building a traditional brick house seems overwhelming? We have a solution for you!<\/p>\n\n\n\n<p><strong>Get to know \"Viking\" - your new year-round home<\/strong>, which combines modern solutions with speed of implementation. This is an ideal proposition for those who value both quality and cost effectiveness.<\/p>","protected":false},"excerpt":{"rendered":"<p>Marzysz o w\u0142asnym domu? Pragniesz cieszy\u0107 si\u0119 komfortem i prywatno\u015bci\u0105 w przestrzeni, kt\u00f3r\u0105 mo\u017cesz nazwa\u0107 swoj\u0105, ale my\u015bl o d\u0142ugim i kosztownym procesie budowy tradycyjnego domu murowanego wydaje si\u0119 przyt\u0142aczaj\u0105ca? Mamy dla Ciebie rozwi\u0105zanie! Poznaj &#8222;Viking&#8221; &#8211; Tw\u00f3j nowy dom ca\u0142oroczny, kt\u00f3ry \u0142\u0105czy w sobie nowoczesne rozwi\u0105zania z szybko\u015bci\u0105 realizacji. To idealna propozycja dla tych, [&hellip;]<\/p>","protected":false},"author":2,"featured_media":0,"parent":12,"menu_order":0,"comment_status":"closed","ping_status":"closed","template":"custom-templates\/offer-item.php","meta":{"_acf_changed":false,"inline_featured_image":false,"footnotes":""},"acf":[],"_links":{"self":[{"href":"https:\/\/aztech-modular.pl\/en\/wp-json\/wp\/v2\/pages\/14"}],"collection":[{"href":"https:\/\/aztech-modular.pl\/en\/wp-json\/wp\/v2\/pages"}],"about":[{"href":"https:\/\/aztech-modular.pl\/en\/wp-json\/wp\/v2\/types\/page"}],"author":[{"embeddable":true,"href":"https:\/\/aztech-modular.pl\/en\/wp-json\/wp\/v2\/users\/2"}],"replies":[{"embeddable":true,"href":"https:\/\/aztech-modular.pl\/en\/wp-json\/wp\/v2\/comments?post=14"}],"version-history":[{"count":40,"href":"https:\/\/aztech-modular.pl\/en\/wp-json\/wp\/v2\/pages\/14\/revisions"}],"predecessor-version":[{"id":1010,"href":"https:\/\/aztech-modular.pl\/en\/wp-json\/wp\/v2\/pages\/14\/revisions\/1010"}],"up":[{"embeddable":true,"href":"https:\/\/aztech-modular.pl\/en\/wp-json\/wp\/v2\/pages\/12"}],"wp:attachment":[{"href":"https:\/\/aztech-modular.pl\/en\/wp-json\/wp\/v2\/media?parent=14"}],"curies":[{"name":"wp","href":"https:\/\/api.w.org\/{rel}","templated":true}]}}