{"id":24,"date":"2023-12-17T11:36:16","date_gmt":"2023-12-17T10:36:16","guid":{"rendered":"https:\/\/aztech-modular.pl\/?page_id=24"},"modified":"2024-07-04T12:51:26","modified_gmt":"2024-07-04T10:51:26","slug":"oblivion","status":"publish","type":"page","link":"https:\/\/aztech-modular.pl\/pl\/oferta\/oblivion\/","title":{"rendered":"Oblivion"},"content":{"rendered":"\n<p><strong>Marzysz o w\u0142asnym domu?<\/strong> Pragniesz cieszy\u0107 si\u0119 komfortem i prywatno\u015bci\u0105 w przestrzeni, kt\u00f3r\u0105 mo\u017cesz nazwa\u0107 swoj\u0105, ale my\u015bl o d\u0142ugim i kosztownym procesie budowy tradycyjnego domu murowanego wydaje si\u0119 przyt\u0142aczaj\u0105ca? Mamy dla Ciebie rozwi\u0105zanie!<\/p>\n","protected":false},"excerpt":{"rendered":"<p>Marzysz o w\u0142asnym domu? Pragniesz cieszy\u0107 si\u0119 komfortem i prywatno\u015bci\u0105 w przestrzeni, kt\u00f3r\u0105 mo\u017cesz nazwa\u0107 swoj\u0105, ale my\u015bl o d\u0142ugim i kosztownym procesie budowy tradycyjnego domu murowanego wydaje si\u0119 przyt\u0142aczaj\u0105ca? Mamy dla Ciebie rozwi\u0105zanie!<\/p>\n","protected":false},"author":2,"featured_media":0,"parent":12,"menu_order":0,"comment_status":"closed","ping_status":"closed","template":"custom-templates\/offer-item.php","meta":{"_acf_changed":false,"inline_featured_image":false,"footnotes":""},"acf":[],"_links":{"self":[{"href":"https:\/\/aztech-modular.pl\/pl\/wp-json\/wp\/v2\/pages\/24"}],"collection":[{"href":"https:\/\/aztech-modular.pl\/pl\/wp-json\/wp\/v2\/pages"}],"about":[{"href":"https:\/\/aztech-modular.pl\/pl\/wp-json\/wp\/v2\/types\/page"}],"author":[{"embeddable":true,"href":"https:\/\/aztech-modular.pl\/pl\/wp-json\/wp\/v2\/users\/2"}],"replies":[{"embeddable":true,"href":"https:\/\/aztech-modular.pl\/pl\/wp-json\/wp\/v2\/comments?post=24"}],"version-history":[{"count":11,"href":"https:\/\/aztech-modular.pl\/pl\/wp-json\/wp\/v2\/pages\/24\/revisions"}],"predecessor-version":[{"id":982,"href":"https:\/\/aztech-modular.pl\/pl\/wp-json\/wp\/v2\/pages\/24\/revisions\/982"}],"up":[{"embeddable":true,"href":"https:\/\/aztech-modular.pl\/pl\/wp-json\/wp\/v2\/pages\/12"}],"wp:attachment":[{"href":"https:\/\/aztech-modular.pl\/pl\/wp-json\/wp\/v2\/media?parent=24"}],"curies":[{"name":"wp","href":"https:\/\/api.w.org\/{rel}","templated":true}]}}