{"id":750,"date":"2024-04-25T08:35:08","date_gmt":"2024-04-25T06:35:08","guid":{"rendered":"https:\/\/aztech-modular.pl\/?page_id=750"},"modified":"2024-07-05T13:27:49","modified_gmt":"2024-07-05T11:27:49","slug":"sauna","status":"publish","type":"page","link":"https:\/\/aztech-modular.pl\/pl\/oferta\/sauna\/","title":{"rendered":"Sauna"},"content":{"rendered":"\n<p><strong>Szukasz sposobu na relaks i odpr\u0119\u017cenie przez ca\u0142y rok? Odkryj magi\u0119 sauny ca\u0142orocznej! Nasza sauna ca\u0142oroczna to doskona\u0142e rozwi\u0105zanie dla mi\u0142o\u015bnik\u00f3w wellness, kt\u00f3rzy pragn\u0105 cieszy\u0107 si\u0119 korzy\u015bciami saunowania bez wzgl\u0119du na pogod\u0119.<\/strong><\/p>\n","protected":false},"excerpt":{"rendered":"<p>Szukasz sposobu na relaks i odpr\u0119\u017cenie przez ca\u0142y rok? Odkryj magi\u0119 sauny ca\u0142orocznej! Nasza sauna ca\u0142oroczna to doskona\u0142e rozwi\u0105zanie dla mi\u0142o\u015bnik\u00f3w wellness, kt\u00f3rzy pragn\u0105 cieszy\u0107 si\u0119 korzy\u015bciami saunowania bez wzgl\u0119du na pogod\u0119.<\/p>\n","protected":false},"author":2,"featured_media":0,"parent":12,"menu_order":933,"comment_status":"closed","ping_status":"closed","template":"custom-templates\/offer-item.php","meta":{"_acf_changed":false,"inline_featured_image":false,"footnotes":""},"acf":[],"_links":{"self":[{"href":"https:\/\/aztech-modular.pl\/pl\/wp-json\/wp\/v2\/pages\/750"}],"collection":[{"href":"https:\/\/aztech-modular.pl\/pl\/wp-json\/wp\/v2\/pages"}],"about":[{"href":"https:\/\/aztech-modular.pl\/pl\/wp-json\/wp\/v2\/types\/page"}],"author":[{"embeddable":true,"href":"https:\/\/aztech-modular.pl\/pl\/wp-json\/wp\/v2\/users\/2"}],"replies":[{"embeddable":true,"href":"https:\/\/aztech-modular.pl\/pl\/wp-json\/wp\/v2\/comments?post=750"}],"version-history":[{"count":13,"href":"https:\/\/aztech-modular.pl\/pl\/wp-json\/wp\/v2\/pages\/750\/revisions"}],"predecessor-version":[{"id":1019,"href":"https:\/\/aztech-modular.pl\/pl\/wp-json\/wp\/v2\/pages\/750\/revisions\/1019"}],"up":[{"embeddable":true,"href":"https:\/\/aztech-modular.pl\/pl\/wp-json\/wp\/v2\/pages\/12"}],"wp:attachment":[{"href":"https:\/\/aztech-modular.pl\/pl\/wp-json\/wp\/v2\/media?parent=750"}],"curies":[{"name":"wp","href":"https:\/\/api.w.org\/{rel}","templated":true}]}}