{"id":794,"date":"2024-04-25T09:41:45","date_gmt":"2024-04-25T07:41:45","guid":{"rendered":"https:\/\/aztech-modular.pl\/?page_id=794"},"modified":"2024-07-04T13:00:05","modified_gmt":"2024-07-04T11:00:05","slug":"luxury","status":"publish","type":"page","link":"https:\/\/aztech-modular.pl\/pl\/oferta\/luxury\/","title":{"rendered":"Luxury"},"content":{"rendered":"\n<p>Marzysz o wyj\u0105tkowym miejscu, gdzie luksus spotyka si\u0119 z natur\u0105? Odkryj nasz ekskluzywny dom nad rzek\u0105, idealny dla tych, kt\u00f3rzy pragn\u0105 po\u0142\u0105czy\u0107 komfort \u017cycia w otoczeniu przyrody.<\/p>\n","protected":false},"excerpt":{"rendered":"<p>Marzysz o wyj\u0105tkowym miejscu, gdzie luksus spotyka si\u0119 z natur\u0105? Odkryj nasz ekskluzywny dom nad rzek\u0105, idealny dla tych, kt\u00f3rzy pragn\u0105 po\u0142\u0105czy\u0107 komfort \u017cycia w otoczeniu przyrody.<\/p>\n","protected":false},"author":2,"featured_media":0,"parent":12,"menu_order":0,"comment_status":"closed","ping_status":"closed","template":"custom-templates\/offer-item-2.php","meta":{"_acf_changed":false,"inline_featured_image":false,"footnotes":""},"acf":[],"_links":{"self":[{"href":"https:\/\/aztech-modular.pl\/pl\/wp-json\/wp\/v2\/pages\/794"}],"collection":[{"href":"https:\/\/aztech-modular.pl\/pl\/wp-json\/wp\/v2\/pages"}],"about":[{"href":"https:\/\/aztech-modular.pl\/pl\/wp-json\/wp\/v2\/types\/page"}],"author":[{"embeddable":true,"href":"https:\/\/aztech-modular.pl\/pl\/wp-json\/wp\/v2\/users\/2"}],"replies":[{"embeddable":true,"href":"https:\/\/aztech-modular.pl\/pl\/wp-json\/wp\/v2\/comments?post=794"}],"version-history":[{"count":14,"href":"https:\/\/aztech-modular.pl\/pl\/wp-json\/wp\/v2\/pages\/794\/revisions"}],"predecessor-version":[{"id":989,"href":"https:\/\/aztech-modular.pl\/pl\/wp-json\/wp\/v2\/pages\/794\/revisions\/989"}],"up":[{"embeddable":true,"href":"https:\/\/aztech-modular.pl\/pl\/wp-json\/wp\/v2\/pages\/12"}],"wp:attachment":[{"href":"https:\/\/aztech-modular.pl\/pl\/wp-json\/wp\/v2\/media?parent=794"}],"curies":[{"name":"wp","href":"https:\/\/api.w.org\/{rel}","templated":true}]}}