{"id":3,"date":"2023-12-17T11:14:23","date_gmt":"2023-12-17T10:14:23","guid":{"rendered":"https:\/\/aztech-modular.pl\/?page_id=3"},"modified":"2024-07-03T10:25:01","modified_gmt":"2024-07-03T08:25:01","slug":"polityka-prywatnosci","status":"publish","type":"page","link":"https:\/\/aztech-modular.pl\/uk\/polityka-prywatnosci\/","title":{"rendered":"\u041f\u043e\u043b\u0456\u0442\u0438\u043a\u0430 \u043a\u043e\u043d\u0444\u0456\u0434\u0435\u043d\u0446\u0456\u0439\u043d\u043e\u0441\u0442\u0456"},"content":{"rendered":"<p>\u0426\u044f \u041f\u043e\u043b\u0456\u0442\u0438\u043a\u0430 \u043a\u043e\u043d\u0444\u0456\u0434\u0435\u043d\u0446\u0456\u0439\u043d\u043e\u0441\u0442\u0456 \u0432\u0441\u0442\u0430\u043d\u043e\u0432\u043b\u044e\u0454 \u043f\u0440\u0430\u0432\u0438\u043b\u0430 \u043e\u0431\u0440\u043e\u0431\u043a\u0438 \u0442\u0430 \u0437\u0430\u0445\u0438\u0441\u0442\u0443 \u043f\u0435\u0440\u0441\u043e\u043d\u0430\u043b\u044c\u043d\u0438\u0445 \u0434\u0430\u043d\u0438\u0445 \u043a\u043e\u0440\u0438\u0441\u0442\u0443\u0432\u0430\u0447\u0456\u0432, \u044f\u043a\u0456 \u043a\u043e\u0440\u0438\u0441\u0442\u0443\u044e\u0442\u044c\u0441\u044f \u043f\u043e\u0441\u043b\u0443\u0433\u0430\u043c\u0438 Aztech Domy Modu\u0142owe, \u0449\u043e \u0437\u043d\u0430\u0445\u043e\u0434\u0438\u0442\u044c\u0441\u044f \u0432 \u041a\u0435\u043d\u0434\u0437\u0435\u0436\u0438\u043d-\u041a\u043e\u0437\u043b\u0435, \u0432\u0443\u043b. Powsta\u0144c\u00f3w 70, 47-220 (\u043d\u0430\u0434\u0430\u043b\u0456 \u00ab\u041a\u043e\u043c\u043f\u0430\u043d\u0456\u044f\u00bb). \u041c\u0438 \u0434\u043e\u043a\u043b\u0430\u0434\u0430\u0454\u043c\u043e \u0432\u0441\u0456\u0445 \u0437\u0443\u0441\u0438\u043b\u044c, \u0449\u043e\u0431 \u0437\u0430\u0431\u0435\u0437\u043f\u0435\u0447\u0438\u0442\u0438 \u043e\u0431\u0440\u043e\u0431\u043a\u0443 \u0432\u0430\u0448\u0438\u0445 \u043f\u0435\u0440\u0441\u043e\u043d\u0430\u043b\u044c\u043d\u0438\u0445 \u0434\u0430\u043d\u0438\u0445 \u0432\u0456\u0434\u043f\u043e\u0432\u0456\u0434\u043d\u043e \u0434\u043e \u0447\u0438\u043d\u043d\u043e\u0433\u043e \u0437\u0430\u043a\u043e\u043d\u043e\u0434\u0430\u0432\u0441\u0442\u0432\u0430, \u0437\u043e\u043a\u0440\u0435\u043c\u0430 \u0420\u0435\u0433\u043b\u0430\u043c\u0435\u043d\u0442\u0443 (\u0404\u0421) 2016\/679 \u0404\u0432\u0440\u043e\u043f\u0435\u0439\u0441\u044c\u043a\u043e\u0433\u043e \u043f\u0430\u0440\u043b\u0430\u043c\u0435\u043d\u0442\u0443 \u0442\u0430 \u0420\u0430\u0434\u0438 \u0432\u0456\u0434 27 \u043a\u0432\u0456\u0442\u043d\u044f 2016 \u0440\u043e\u043a\u0443 (GDPR).<\/p>\n\n\n\n<h2 class=\"wp-block-heading\">\u041a\u043e\u043d\u0442\u0440\u043e\u043b\u0435\u0440 \u0434\u0430\u043d\u0438\u0445<\/h2>\n\n\n\n<p>\u0410\u0434\u043c\u0456\u043d\u0456\u0441\u0442\u0440\u0430\u0442\u043e\u0440\u043e\u043c \u0432\u0430\u0448\u0438\u0445 \u043e\u0441\u043e\u0431\u0438\u0441\u0442\u0438\u0445 \u0434\u0430\u043d\u0438\u0445 \u0454 Aztech Domy Modu\u0142owe, \u0440\u043e\u0437\u0442\u0430\u0448\u043e\u0432\u0430\u043d\u0430 \u0432 \u041a\u0435\u043d\u0434\u0437\u0435\u0436\u0438\u043d-\u041a\u043e\u0437\u043b\u0435, \u0432\u0443\u043b. Powsta\u0144c\u00f3w 70, 47-220 (\u043d\u0430\u0434\u0430\u043b\u0456 \u2013 \u00ab\u0410\u0434\u043c\u0456\u043d\u0456\u0441\u0442\u0440\u0430\u0442\u043e\u0440\u00bb).<\/p>\n\n\n\n<h2 class=\"wp-block-heading\">\u041e\u0431\u0441\u044f\u0433 \u043e\u0431\u0440\u043e\u0431\u043b\u0435\u043d\u0438\u0445 \u0434\u0430\u043d\u0438\u0445<\/h2>\n\n\n\n<p>\u041c\u0438 \u043e\u0431\u0440\u043e\u0431\u043b\u044f\u0454\u043c\u043e \u0442\u0430\u043a\u0456 \u043f\u0435\u0440\u0441\u043e\u043d\u0430\u043b\u044c\u043d\u0456 \u0434\u0430\u043d\u0456:<\/p>\n\n\n\n<ul>\n<li>\u0406\u043c'\u044f \u0442\u0430 \u043f\u0440\u0456\u0437\u0432\u0438\u0449\u0435<\/li>\n\n\n\n<li>\u0415\u043b\u0435\u043a\u0442\u0440\u043e\u043d\u043d\u0430 \u043f\u043e\u0448\u0442\u0430<\/li>\n\n\n\n<li>\u041d\u043e\u043c\u0435\u0440 \u0442\u0435\u043b\u0435\u0444\u043e\u043d\u0443<\/li>\n\n\n\n<li>\u0410\u0434\u0440\u0435\u0441\u0430<\/li>\n\n\n\n<li>\u0414\u0430\u043d\u0456 \u043f\u0440\u043e \u0432\u0438\u043a\u043e\u0440\u0438\u0441\u0442\u0430\u043d\u043d\u044f \u043d\u0430\u0448\u0438\u0445 \u043f\u043e\u0441\u043b\u0443\u0433<\/li>\n<\/ul>\n\n\n\n<h2 class=\"wp-block-heading\">\u0426\u0456\u043b\u0456 \u043e\u0431\u0440\u043e\u0431\u043a\u0438 \u0434\u0430\u043d\u0438\u0445<\/h2>\n\n\n\n<p>\u0412\u0430\u0448\u0456 \u043f\u0435\u0440\u0441\u043e\u043d\u0430\u043b\u044c\u043d\u0456 \u0434\u0430\u043d\u0456 \u043e\u0431\u0440\u043e\u0431\u043b\u044f\u044e\u0442\u044c\u0441\u044f \u0434\u043b\u044f \u0442\u0430\u043a\u0438\u0445 \u0446\u0456\u043b\u0435\u0439:<\/p>\n\n\n\n<ol>\n<li>\u041d\u0430\u0434\u0430\u043d\u043d\u044f \u043f\u043e\u0441\u043b\u0443\u0433, \u044f\u043a\u0456 \u043f\u0440\u043e\u043f\u043e\u043d\u0443\u0454 \u041a\u043e\u043c\u043f\u0430\u043d\u0456\u044f.<\/li>\n\n\n\n<li>\u0412\u0438\u043a\u043e\u043d\u0430\u043d\u043d\u044f \u0437\u0430\u043c\u043e\u0432\u043b\u0435\u043d\u044c \u043d\u0430 \u043c\u043e\u0434\u0443\u043b\u044c\u043d\u0456 \u0431\u0443\u0434\u0438\u043d\u043a\u0438.<\/li>\n\n\n\n<li>\u041a\u043e\u043d\u0442\u0430\u043a\u0442\u0443\u0432\u0430\u0442\u0438 \u0437 \u043a\u043e\u0440\u0438\u0441\u0442\u0443\u0432\u0430\u0447\u0430\u043c\u0438 \u0437 \u043f\u0438\u0442\u0430\u043d\u044c, \u043f\u043e\u0432'\u044f\u0437\u0430\u043d\u0438\u0445 \u0437 \u0444\u0443\u043d\u043a\u0446\u0456\u043e\u043d\u0443\u0432\u0430\u043d\u043d\u044f\u043c \u041a\u043e\u043c\u043f\u0430\u043d\u0456\u0457.<\/li>\n\n\n\n<li>Marketing bezpo\u015bredni w\u0142asnych produkt\u00f3w i us\u0142ug Administratora.<\/li>\n<\/ol>\n\n\n\n<h2 class=\"wp-block-heading\">\u041e\u0441\u043d\u043e\u0432\u0430 \u043e\u0431\u0440\u043e\u0431\u043a\u0438 \u0434\u0430\u043d\u0438\u0445<\/h2>\n\n\n\n<p>\u041e\u0431\u0440\u043e\u0431\u043a\u0430 \u043f\u0435\u0440\u0441\u043e\u043d\u0430\u043b\u044c\u043d\u0438\u0445 \u0434\u0430\u043d\u0438\u0445 \u0431\u0430\u0437\u0443\u0454\u0442\u044c\u0441\u044f \u043d\u0430:<\/p>\n\n\n\n<ul>\n<li>\u0432\u0430\u0448\u0430 \u0437\u0433\u043e\u0434\u0430 (\u0441\u0442\u0430\u0442\u0442\u044f 6(1)(a) GDPR);<\/li>\n\n\n\n<li>\u041d\u0435\u043e\u0431\u0445\u0456\u0434\u043d\u0456\u0441\u0442\u044c \u0432\u0438\u043a\u043e\u043d\u0430\u043d\u043d\u044f \u043a\u043e\u043d\u0442\u0440\u0430\u043a\u0442\u0443 (\u0441\u0442\u0430\u0442\u0442\u044f 6(1)(b) GDPR);<\/li>\n\n\n\n<li>\u0417\u0430\u043a\u043e\u043d\u043d\u0438\u0439 \u0456\u043d\u0442\u0435\u0440\u0435\u0441 \u0410\u0434\u043c\u0456\u043d\u0456\u0441\u0442\u0440\u0430\u0442\u043e\u0440\u0430 (\u0441\u0442\u0430\u0442\u0442\u044f 6(1)(f) GDPR).<\/li>\n<\/ul>\n\n\n\n<h2 class=\"wp-block-heading\">\u041e\u0434\u0435\u0440\u0436\u0443\u0432\u0430\u0447\u0456 \u0434\u0430\u043d\u0438\u0445<\/h2>\n\n\n\n<p>\u0412\u0430\u0448\u0456 \u043f\u0435\u0440\u0441\u043e\u043d\u0430\u043b\u044c\u043d\u0456 \u0434\u0430\u043d\u0456 \u043c\u043e\u0436\u0443\u0442\u044c \u0431\u0443\u0442\u0438 \u043f\u0435\u0440\u0435\u0434\u0430\u043d\u0456:<\/p>\n\n\n\n<ul>\n<li>\u0421\u0443\u0431\u2019\u0454\u043a\u0442\u0438, \u044f\u043a\u0456 \u0441\u043f\u0456\u0432\u043f\u0440\u0430\u0446\u044e\u044e\u0442\u044c \u0437 \u0410\u0434\u043c\u0456\u043d\u0456\u0441\u0442\u0440\u0430\u0442\u043e\u0440\u043e\u043c \u043f\u0440\u0438 \u0432\u0438\u043a\u043e\u043d\u0430\u043d\u043d\u0456 \u0434\u043e\u0440\u0443\u0447\u0435\u043d\u044c.<\/li>\n\n\n\n<li>\u041f\u0440\u043e\u0432\u0430\u0439\u0434\u0435\u0440 \u0445\u043e\u0441\u0442\u0438\u043d\u0433\u0443 \u0442\u0430 IT-\u043f\u043e\u0441\u043b\u0443\u0433.<\/li>\n\n\n\n<li>\u0421\u0443\u0431\u2019\u0454\u043a\u0442\u0438, \u0443\u043f\u043e\u0432\u043d\u043e\u0432\u0430\u0436\u0435\u043d\u0456 \u043d\u0430 \u0457\u0445 \u043e\u0442\u0440\u0438\u043c\u0430\u043d\u043d\u044f \u0432\u0456\u0434\u043f\u043e\u0432\u0456\u0434\u043d\u043e \u0434\u043e \u0447\u0438\u043d\u043d\u043e\u0433\u043e \u0437\u0430\u043a\u043e\u043d\u043e\u0434\u0430\u0432\u0441\u0442\u0432\u0430.<\/li>\n<\/ul>\n\n\n\n<h2 class=\"wp-block-heading\">\u041f\u0435\u0440\u0435\u0434\u0430\u0447\u0430 \u0434\u0430\u043d\u0438\u0445 \u0434\u043e \u0442\u0440\u0435\u0442\u0456\u0445 \u043a\u0440\u0430\u0457\u043d<\/h2>\n\n\n\n<p>\u0412\u0430\u0448\u0456 \u043f\u0435\u0440\u0441\u043e\u043d\u0430\u043b\u044c\u043d\u0456 \u0434\u0430\u043d\u0456 \u043c\u043e\u0436\u0443\u0442\u044c \u0431\u0443\u0442\u0438 \u043f\u0435\u0440\u0435\u0434\u0430\u043d\u0456 \u0434\u043e \u0442\u0440\u0435\u0442\u0456\u0445 \u043a\u0440\u0430\u0457\u043d (\u0437\u0430 \u043c\u0435\u0436\u0430\u043c\u0438 \u0404\u0432\u0440\u043e\u043f\u0435\u0439\u0441\u044c\u043a\u043e\u0457 \u0435\u043a\u043e\u043d\u043e\u043c\u0456\u0447\u043d\u043e\u0457 \u0437\u043e\u043d\u0438) \u043b\u0438\u0448\u0435 \u0443 \u0432\u0438\u043f\u0430\u0434\u043a\u0430\u0445, \u043a\u043e\u043b\u0438 \u0446\u0435 \u043d\u0435\u043e\u0431\u0445\u0456\u0434\u043d\u043e \u0434\u043b\u044f \u0434\u043e\u0441\u044f\u0433\u043d\u0435\u043d\u043d\u044f \u0446\u0456\u043b\u0435\u0439 \u043e\u0431\u0440\u043e\u0431\u043a\u0438 \u0434\u0430\u043d\u0438\u0445 \u0442\u0430 \u0437 \u0432\u0456\u0434\u043f\u043e\u0432\u0456\u0434\u043d\u0438\u043c\u0438 \u0437\u0430\u0445\u043e\u0434\u0430\u043c\u0438 \u0437\u0430\u0445\u0438\u0441\u0442\u0443.<\/p>\n\n\n\n<h2 class=\"wp-block-heading\">\u0422\u0435\u0440\u043c\u0456\u043d \u0437\u0431\u0435\u0440\u0456\u0433\u0430\u043d\u043d\u044f \u0434\u0430\u043d\u0438\u0445<\/h2>\n\n\n\n<p>\u0412\u0430\u0448\u0456 \u043f\u0435\u0440\u0441\u043e\u043d\u0430\u043b\u044c\u043d\u0456 \u0434\u0430\u043d\u0456 \u0437\u0431\u0435\u0440\u0456\u0433\u0430\u0442\u0438\u043c\u0443\u0442\u044c\u0441\u044f \u043f\u0440\u043e\u0442\u044f\u0433\u043e\u043c \u043f\u0435\u0440\u0456\u043e\u0434\u0443, \u043d\u0435\u043e\u0431\u0445\u0456\u0434\u043d\u043e\u0433\u043e \u0434\u043b\u044f \u0434\u043e\u0441\u044f\u0433\u043d\u0435\u043d\u043d\u044f \u0446\u0456\u043b\u0435\u0439, \u0434\u043b\u044f \u044f\u043a\u0438\u0445 \u0432\u043e\u043d\u0438 \u0431\u0443\u043b\u0438 \u0437\u0456\u0431\u0440\u0430\u043d\u0456, \u044f\u043a\u0449\u043e \u0437\u0430\u043a\u043e\u043d \u043d\u0435 \u0437\u043e\u0431\u043e\u0432\u2019\u044f\u0437\u0443\u0454 \u043d\u0430\u0441 \u0437\u0431\u0435\u0440\u0456\u0433\u0430\u0442\u0438 \u0457\u0445 \u0434\u043e\u0432\u0448\u0435.<\/p>\n\n\n\n<h2 class=\"wp-block-heading\">\u0412\u0430\u0448\u0456 \u043f\u0440\u0430\u0432\u0430<\/h2>\n\n\n\n<p>\u0412\u0438 \u043c\u0430\u0454\u0442\u0435 \u043f\u0440\u0430\u0432\u043e:<\/p>\n\n\n\n<ul>\n<li>\u0414\u043e\u0441\u0442\u0443\u043f \u0434\u043e \u0432\u0430\u0448\u0438\u0445 \u043f\u0435\u0440\u0441\u043e\u043d\u0430\u043b\u044c\u043d\u0438\u0445 \u0434\u0430\u043d\u0438\u0445.<\/li>\n\n\n\n<li>\u0412\u0438\u043f\u0440\u0430\u0432\u043b\u0435\u043d\u043d\u044f \u0432\u0430\u0448\u0438\u0445 \u043f\u0435\u0440\u0441\u043e\u043d\u0430\u043b\u044c\u043d\u0438\u0445 \u0434\u0430\u043d\u0438\u0445.<\/li>\n\n\n\n<li>\u0412\u0438\u0434\u0430\u043b\u0435\u043d\u043d\u044f \u0432\u0430\u0448\u0438\u0445 \u043f\u0435\u0440\u0441\u043e\u043d\u0430\u043b\u044c\u043d\u0438\u0445 \u0434\u0430\u043d\u0438\u0445.<\/li>\n\n\n\n<li>\u041e\u0431\u043c\u0435\u0436\u0435\u043d\u043d\u044f \u0449\u043e\u0434\u043e \u043e\u0431\u0440\u043e\u0431\u043a\u0438 \u0432\u0430\u0448\u0438\u0445 \u043f\u0435\u0440\u0441\u043e\u043d\u0430\u043b\u044c\u043d\u0438\u0445 \u0434\u0430\u043d\u0438\u0445.<\/li>\n\n\n\n<li>\u041f\u0435\u0440\u0435\u0434\u0430\u0447\u0430 \u0432\u0430\u0448\u0438\u0445 \u043f\u0435\u0440\u0441\u043e\u043d\u0430\u043b\u044c\u043d\u0438\u0445 \u0434\u0430\u043d\u0438\u0445.<\/li>\n\n\n\n<li>\u0417\u0430\u043f\u0435\u0440\u0435\u0447\u0443\u0432\u0430\u0442\u0438 \u043f\u0440\u043e\u0442\u0438 \u043e\u0431\u0440\u043e\u0431\u043a\u0438 \u0432\u0430\u0448\u0438\u0445 \u043f\u0435\u0440\u0441\u043e\u043d\u0430\u043b\u044c\u043d\u0438\u0445 \u0434\u0430\u043d\u0438\u0445.<\/li>\n\n\n\n<li>\u0412\u0456\u0434\u043a\u043b\u0438\u043a\u0430\u0442\u0438 \u0437\u0433\u043e\u0434\u0443 \u043d\u0430 \u043e\u0431\u0440\u043e\u0431\u043a\u0443 \u043f\u0435\u0440\u0441\u043e\u043d\u0430\u043b\u044c\u043d\u0438\u0445 \u0434\u0430\u043d\u0438\u0445 \u0443 \u0431\u0443\u0434\u044c-\u044f\u043a\u0438\u0439 \u0447\u0430\u0441, \u043d\u0435 \u0432\u043f\u043b\u0438\u0432\u0430\u044e\u0447\u0438 \u043d\u0430 \u0437\u0430\u043a\u043e\u043d\u043d\u0456\u0441\u0442\u044c \u043e\u0431\u0440\u043e\u0431\u043a\u0438 \u043d\u0430 \u043e\u0441\u043d\u043e\u0432\u0456 \u0437\u0433\u043e\u0434\u0438 \u0434\u043e \u0457\u0457 \u0432\u0456\u0434\u043a\u043b\u0438\u043a\u0430\u043d\u043d\u044f<\/li>\n<\/ul>\n\n\n\n<h2 class=\"wp-block-heading\">\u041f\u0435\u0447\u0438\u0432\u043e<\/h2>\n\n\n\n<p>\u041d\u0430\u0448 \u0432\u0435\u0431-\u0441\u0430\u0439\u0442 \u0432\u0438\u043a\u043e\u0440\u0438\u0441\u0442\u043e\u0432\u0443\u0454 \u0444\u0430\u0439\u043b\u0438 cookie \u0434\u043b\u044f \u0437\u0430\u0431\u0435\u0437\u043f\u0435\u0447\u0435\u043d\u043d\u044f \u043d\u0430\u043b\u0435\u0436\u043d\u043e\u0457 \u0440\u043e\u0431\u043e\u0442\u0438, \u0430\u043d\u0430\u043b\u0456\u0437\u0443 \u0442\u0440\u0430\u0444\u0456\u043a\u0443 \u0432\u0435\u0431-\u0441\u0430\u0439\u0442\u0443 \u0442\u0430 \u0430\u0434\u0430\u043f\u0442\u0430\u0446\u0456\u0457 \u0432\u043c\u0456\u0441\u0442\u0443 \u0434\u043e \u0432\u043f\u043e\u0434\u043e\u0431\u0430\u043d\u044c \u043a\u043e\u0440\u0438\u0441\u0442\u0443\u0432\u0430\u0447\u0430. \u041a\u043e\u0440\u0438\u0441\u0442\u0443\u0432\u0430\u0447 \u043c\u043e\u0436\u0435 \u043a\u0435\u0440\u0443\u0432\u0430\u0442\u0438 \u043d\u0430\u043b\u0430\u0448\u0442\u0443\u0432\u0430\u043d\u043d\u044f\u043c\u0438 \u0444\u0430\u0439\u043b\u0456\u0432 cookie \u0447\u0435\u0440\u0435\u0437 \u0432\u0435\u0431-\u0431\u0440\u0430\u0443\u0437\u0435\u0440.<\/p>\n\n\n\n<h2 class=\"wp-block-heading\">\u0417\u043c\u0456\u043d\u0438 \u0434\u043e \u041f\u043e\u043b\u0456\u0442\u0438\u043a\u0438 \u043a\u043e\u043d\u0444\u0456\u0434\u0435\u043d\u0446\u0456\u0439\u043d\u043e\u0441\u0442\u0456<\/h2>\n\n\n\n<p>\u0410\u0434\u043c\u0456\u043d\u0456\u0441\u0442\u0440\u0430\u0442\u043e\u0440 \u0437\u0430\u043b\u0438\u0448\u0430\u0454 \u0437\u0430 \u0441\u043e\u0431\u043e\u044e \u043f\u0440\u0430\u0432\u043e \u0432\u043d\u043e\u0441\u0438\u0442\u0438 \u0437\u043c\u0456\u043d\u0438 \u0432 \u041f\u043e\u043b\u0456\u0442\u0438\u043a\u0443 \u043a\u043e\u043d\u0444\u0456\u0434\u0435\u043d\u0446\u0456\u0439\u043d\u043e\u0441\u0442\u0456. \u041a\u043e\u0440\u0438\u0441\u0442\u0443\u0432\u0430\u0447\u0456 \u0431\u0443\u0434\u0443\u0442\u044c \u043f\u0440\u043e\u0456\u043d\u0444\u043e\u0440\u043c\u043e\u0432\u0430\u043d\u0456 \u043f\u0440\u043e \u0431\u0443\u0434\u044c-\u044f\u043a\u0456 \u0437\u043c\u0456\u043d\u0438 \u0448\u043b\u044f\u0445\u043e\u043c \u0440\u043e\u0437\u043c\u0456\u0449\u0435\u043d\u043d\u044f \u043e\u043d\u043e\u0432\u043b\u0435\u043d\u043e\u0457 \u0432\u0435\u0440\u0441\u0456\u0457 \u041f\u043e\u043b\u0456\u0442\u0438\u043a\u0438 \u043a\u043e\u043d\u0444\u0456\u0434\u0435\u043d\u0446\u0456\u0439\u043d\u043e\u0441\u0442\u0456 \u043d\u0430 \u0441\u0430\u0439\u0442\u0456 \u041a\u043e\u043c\u043f\u0430\u043d\u0456\u0457.<\/p>\n\n\n\n<h2 class=\"wp-block-heading\">\u043a\u043e\u043d\u0442\u0430\u043a\u0442<\/h2>\n\n\n\n<p>\u042f\u043a\u0449\u043e \u0443 \u0432\u0430\u0441 \u0432\u0438\u043d\u0438\u043a\u043b\u0438 \u0437\u0430\u043f\u0438\u0442\u0430\u043d\u043d\u044f \u0449\u043e\u0434\u043e \u041f\u043e\u043b\u0456\u0442\u0438\u043a\u0438 \u043a\u043e\u043d\u0444\u0456\u0434\u0435\u043d\u0446\u0456\u0439\u043d\u043e\u0441\u0442\u0456, \u0437\u0432\u2019\u044f\u0436\u0456\u0442\u044c\u0441\u044f \u0437 \u043d\u0430\u043c\u0438 \u0437\u0430 \u0442\u0430\u043a\u043e\u044e \u0435\u043b\u0435\u043a\u0442\u0440\u043e\u043d\u043d\u043e\u044e \u0430\u0434\u0440\u0435\u0441\u043e\u044e: <a>sprzedaz@aztech-modular.pl<\/a>.<\/p>\n\n\n\n<hr class=\"wp-block-separator has-alpha-channel-opacity\"\/>\n\n\n\n<p>\u0426\u044f \u041f\u043e\u043b\u0456\u0442\u0438\u043a\u0430 \u043a\u043e\u043d\u0444\u0456\u0434\u0435\u043d\u0446\u0456\u0439\u043d\u043e\u0441\u0442\u0456 \u043d\u0430\u0431\u0438\u0440\u0430\u0454 \u0447\u0438\u043d\u043d\u043e\u0441\u0442\u0456 \u0437 3 \u043b\u0438\u043f\u043d\u044f 2024 \u0440\u043e\u043a\u0443.<\/p>\n\n\n\n<p><\/p>","protected":false},"excerpt":{"rendered":"<p>Niniejsza Polityka Prywatno\u015bci okre\u015bla zasady przetwarzania i ochrony danych osobowych u\u017cytkownik\u00f3w korzystaj\u0105cych z us\u0142ug firmy Aztech Domy Modu\u0142owe, z siedzib\u0105 w K\u0119dzierzynie-Ko\u017alu, ul. Powsta\u0144c\u00f3w 70, 47-220 (dalej jako \u201eFirma\u201d). Dok\u0142adamy wszelkich stara\u0144, aby zapewni\u0107, \u017ce Twoje dane osobowe s\u0105 przetwarzane zgodnie z obowi\u0105zuj\u0105cymi przepisami prawa, w szczeg\u00f3lno\u015bci z Rozporz\u0105dzeniem Parlamentu Europejskiego i Rady (UE) 2016\/679 [&hellip;]<\/p>","protected":false},"author":2,"featured_media":0,"parent":0,"menu_order":0,"comment_status":"closed","ping_status":"open","template":"","meta":{"_acf_changed":false,"inline_featured_image":false,"footnotes":""},"acf":[],"_links":{"self":[{"href":"https:\/\/aztech-modular.pl\/uk\/wp-json\/wp\/v2\/pages\/3"}],"collection":[{"href":"https:\/\/aztech-modular.pl\/uk\/wp-json\/wp\/v2\/pages"}],"about":[{"href":"https:\/\/aztech-modular.pl\/uk\/wp-json\/wp\/v2\/types\/page"}],"author":[{"embeddable":true,"href":"https:\/\/aztech-modular.pl\/uk\/wp-json\/wp\/v2\/users\/2"}],"replies":[{"embeddable":true,"href":"https:\/\/aztech-modular.pl\/uk\/wp-json\/wp\/v2\/comments?post=3"}],"version-history":[{"count":2,"href":"https:\/\/aztech-modular.pl\/uk\/wp-json\/wp\/v2\/pages\/3\/revisions"}],"predecessor-version":[{"id":953,"href":"https:\/\/aztech-modular.pl\/uk\/wp-json\/wp\/v2\/pages\/3\/revisions\/953"}],"wp:attachment":[{"href":"https:\/\/aztech-modular.pl\/uk\/wp-json\/wp\/v2\/media?parent=3"}],"curies":[{"name":"wp","href":"https:\/\/api.w.org\/{rel}","templated":true}]}}